{"id":16,"date":"2020-03-17T11:00:09","date_gmt":"2020-03-17T10:00:09","guid":{"rendered":"https:\/\/metzgerei-partyservice-faller.de\/wordpress\/?page_id=16"},"modified":"2026-05-06T13:34:44","modified_gmt":"2026-05-06T11:34:44","slug":"home","status":"publish","type":"page","link":"https:\/\/metzgerei-partyservice-faller.de\/wordpress\/","title":{"rendered":"Herzlich willkommen!"},"content":{"rendered":"\n<div class=\"wp-block-group\"><div class=\"wp-block-group__inner-container is-layout-flow wp-block-group-is-layout-flow\">\n<div class=\"wp-block-columns is-layout-flex wp-container-core-columns-is-layout-9d6595d7 wp-block-columns-is-layout-flex\">\n<div class=\"wp-block-column is-layout-flow wp-block-column-is-layout-flow\">\n<p><strong>Herzlich willkommen!<\/strong><\/p>\n\n\n\n<p>Gern k\u00f6nnen Sie hier unsere Angebote (als PDF) downloaden:<\/p>\n\n\n\n<ul class=\"wp-block-list\">\n<li><strong><a href=\"https:\/\/metzgerei-partyservice-faller.de\/wordpress\/wp-content\/uploads\/Grillbuffets_01.03.26k.pdf\">Grillbuffets<\/a><\/strong><\/li>\n\n\n\n<li><strong><a href=\"https:\/\/metzgerei-partyservice-faller.de\/wordpress\/wp-content\/uploads\/PartyserviceFaller_01.05.2025.pdf\">Partyservice allgemein<\/a><\/strong><\/li>\n\n\n\n<li><strong><a href=\"https:\/\/metzgerei-partyservice-faller.de\/wordpress\/wp-content\/uploads\/Kalte_Kueche_15.06.24.pdf\">Kalte K\u00fcche<\/a><\/strong><\/li>\n\n\n\n<li><strong><a href=\"https:\/\/metzgerei-partyservice-faller.de\/wordpress\/wp-content\/uploads\/Canapes-Fingerfood_26.07.22.pdf\">Canap\u00e9s &amp; Fingerfood<\/a><\/strong><\/li>\n\n\n\n<li><strong><a href=\"https:\/\/metzgerei-partyservice-faller.de\/wordpress\/wp-content\/uploads\/Dry-Aged-Beef-vom-Faller.pdf\">Dry Aged Beef vom Faller<\/a><\/strong><\/li>\n<\/ul>\n<\/div>\n\n\n\n<div class=\"wp-block-column is-layout-flow wp-block-column-is-layout-flow\">\n<p>Ihre Fragen beantworten gerne Wolfgang P\u00e4tzold und das Faller-Team!<\/p>\n\n\n\n<p><strong>Hubert Faller GmbH<\/strong><br>Metzgerei und Partyservice<br>V\u00f6rstetter Str. 1<br>79232 March-Holzhausen<br><mark style=\"background-color:rgba(0, 0, 0, 0)\" class=\"has-inline-color has-vivid-red-color\"><a href=\"tel:+4976654440\">\u2706 <strong>07665 4440<\/strong><\/a><\/mark><br><a href=\"mailto:info@metzgerei-partyservice-faller.de\">info@metzgerei-partyservice-faller.de<\/a><\/p>\n<\/div>\n\n\n\n<div class=\"wp-block-column is-layout-flow wp-block-column-is-layout-flow\">\n<p class=\"has-text-align-center\"><strong>\u00d6ffnungszeiten<\/strong>:<a rel=\"noreferrer noopener\" href=\"https:\/\/metzgerei-partyservice-faller.de\/wordpress\/wp-content\/uploads\/Weihnachtsbestellung.pdf\" target=\"_blank\"><\/a><\/p>\n\n\n\n<figure class=\"wp-block-table is-style-regular\"><table><tbody><tr><td>Mo  Di  Do  Fr<br>&nbsp;<\/td><td class=\"has-text-align-right\" data-align=\"right\">7:30 &#8211; 12:30<br>15:00 &#8211; 18:00<\/td><\/tr><tr><td>Mi<\/td><td class=\"has-text-align-right\" data-align=\"right\">7:30 &#8211; 12:30<\/td><\/tr><tr><td>Sa<\/td><td class=\"has-text-align-right\" data-align=\"right\">7:30 &#8211; 12:30<\/td><\/tr><\/tbody><\/table><\/figure>\n<\/div>\n<\/div>\n\n\n<div class=\"wp-block-image\">\n<figure class=\"aligncenter size-full\"><img loading=\"lazy\" decoding=\"async\" width=\"481\" height=\"2560\" src=\"https:\/\/metzgerei-partyservice-faller.de\/wordpress\/wp-content\/uploads\/Anzeige_KW19_2-scaled.png\" alt=\"\" class=\"wp-image-694\" srcset=\"https:\/\/metzgerei-partyservice-faller.de\/wordpress\/wp-content\/uploads\/Anzeige_KW19_2-scaled.png 481w, https:\/\/metzgerei-partyservice-faller.de\/wordpress\/wp-content\/uploads\/Anzeige_KW19_2-768x4086.png 768w, https:\/\/metzgerei-partyservice-faller.de\/wordpress\/wp-content\/uploads\/Anzeige_KW19_2-385x2048.png 385w\" sizes=\"auto, (max-width: 481px) 100vw, 481px\" \/><\/figure>\n<\/div>\n\n\n<div style=\"height:14px\" aria-hidden=\"true\" class=\"wp-block-spacer\"><\/div>\n\n\n\n<h3 class=\"wp-block-heading has-text-align-center\" id=\"so-finden-sie-zu-uns\">So finden Sie zu uns: Zur <a href=\"https:\/\/www.google.de\/maps\/place\/Hubert+Faller+GmbH+Metzgerei\/@48.0698114,7.7983171,19.35z\/data=!4m6!3m5!1s0x47911996b19b4dcb:0x423fad5ce470d998!8m2!3d48.0698409!4d7.7985596!16s%2Fg%2F1tf7flcx?hl=de&amp;entry=ttu&amp;g_ep=EgoyMDI0MDkxMS4wIKXMDSoASAFQAw%3D%3D\" target=\"_blank\" rel=\"noreferrer noopener\">Google-Maps-Karte<\/a><\/h3>\n<\/div><\/div>\n\n\n\n<p><\/p>\n","protected":false},"excerpt":{"rendered":"<p>Herzlich willkommen! Gern k\u00f6nnen Sie hier unsere Angebote (als PDF) downloaden: Ihre Fragen beantworten gerne Wolfgang P\u00e4tzold und das Faller-Team! Hubert Faller GmbHMetzgerei und PartyserviceV\u00f6rstetter Str. 179232 March-Holzhausen\u2706 07665 4440info@metzgerei-partyservice-faller.de \u00d6ffnungszeiten: Mo Di Do Fr&nbsp; 7:30 &#8211; 12:3015:00 &#8211; 18:00 Mi 7:30 &#8211; 12:30 Sa 7:30 &#8211; 12:30 So finden Sie zu uns: Zur Google-Maps-Karte<\/p>\n","protected":false},"author":1,"featured_media":0,"parent":0,"menu_order":0,"comment_status":"closed","ping_status":"closed","template":"","meta":{"footnotes":""},"class_list":["post-16","page","type-page","status-publish"],"_links":{"self":[{"href":"https:\/\/metzgerei-partyservice-faller.de\/wordpress\/wp-json\/wp\/v2\/pages\/16","targetHints":{"allow":["GET"]}}],"collection":[{"href":"https:\/\/metzgerei-partyservice-faller.de\/wordpress\/wp-json\/wp\/v2\/pages"}],"about":[{"href":"https:\/\/metzgerei-partyservice-faller.de\/wordpress\/wp-json\/wp\/v2\/types\/page"}],"author":[{"embeddable":true,"href":"https:\/\/metzgerei-partyservice-faller.de\/wordpress\/wp-json\/wp\/v2\/users\/1"}],"replies":[{"embeddable":true,"href":"https:\/\/metzgerei-partyservice-faller.de\/wordpress\/wp-json\/wp\/v2\/comments?post=16"}],"version-history":[{"count":145,"href":"https:\/\/metzgerei-partyservice-faller.de\/wordpress\/wp-json\/wp\/v2\/pages\/16\/revisions"}],"predecessor-version":[{"id":695,"href":"https:\/\/metzgerei-partyservice-faller.de\/wordpress\/wp-json\/wp\/v2\/pages\/16\/revisions\/695"}],"wp:attachment":[{"href":"https:\/\/metzgerei-partyservice-faller.de\/wordpress\/wp-json\/wp\/v2\/media?parent=16"}],"curies":[{"name":"wp","href":"https:\/\/api.w.org\/{rel}","templated":true}]}}