{"id":147,"date":"2021-01-19T06:48:25","date_gmt":"2021-01-19T05:48:25","guid":{"rendered":"https:\/\/metzgerei-partyservice-faller.de\/wordpress\/?page_id=147"},"modified":"2023-02-15T09:38:47","modified_gmt":"2023-02-15T08:38:47","slug":"impressum","status":"publish","type":"page","link":"https:\/\/metzgerei-partyservice-faller.de\/wordpress\/impressum\/","title":{"rendered":"Impressum"},"content":{"rendered":"\n<p class=\"has-text-align-center\"><strong>Hubert Faller GmbH<\/strong><br>Metzgerei und Partyservice<br>V\u00f6rstetter Str. 1<br>79232 March-Holzhausen<\/p>\n\n\n\n<p class=\"has-text-align-center\"><strong>Telefon 07665 4440<\/strong><br><a href=\"mailto:info@metzgerei-partyservice-faller.de\">info@metzgerei-partyservice-faller.de<\/a><\/p>\n\n\n\n<p class=\"has-text-align-center\">Gesch\u00e4ftsf\u00fchrer: Wolfgang P\u00e4tzold<br>AG Freiburg HRB 2219<br>USt-Id-Nr.: DE142206605<br><a rel=\"noreferrer noopener\" href=\"https:\/\/www.hwk-freiburg.de\" target=\"_blank\"><em>Zust\u00e4ndige Handwerkskammer: HWK Freiburg<\/em><\/a><\/p>\n\n\n\n<p><\/p>\n\n\n\n<p><a href=\"https:\/\/metzgerei-partyservice-faller.de\">Zur\u00fcck<\/a><\/p>\n","protected":false},"excerpt":{"rendered":"<p>Hubert Faller GmbHMetzgerei und PartyserviceV\u00f6rstetter Str. 179232 March-Holzhausen Telefon 07665 4440info@metzgerei-partyservice-faller.de Gesch\u00e4ftsf\u00fchrer: Wolfgang P\u00e4tzoldAG Freiburg HRB 2219USt-Id-Nr.: DE142206605Zust\u00e4ndige Handwerkskammer: HWK Freiburg Zur\u00fcck<\/p>\n","protected":false},"author":1,"featured_media":0,"parent":0,"menu_order":0,"comment_status":"closed","ping_status":"closed","template":"","meta":{"footnotes":""},"class_list":["post-147","page","type-page","status-publish"],"_links":{"self":[{"href":"https:\/\/metzgerei-partyservice-faller.de\/wordpress\/wp-json\/wp\/v2\/pages\/147","targetHints":{"allow":["GET"]}}],"collection":[{"href":"https:\/\/metzgerei-partyservice-faller.de\/wordpress\/wp-json\/wp\/v2\/pages"}],"about":[{"href":"https:\/\/metzgerei-partyservice-faller.de\/wordpress\/wp-json\/wp\/v2\/types\/page"}],"author":[{"embeddable":true,"href":"https:\/\/metzgerei-partyservice-faller.de\/wordpress\/wp-json\/wp\/v2\/users\/1"}],"replies":[{"embeddable":true,"href":"https:\/\/metzgerei-partyservice-faller.de\/wordpress\/wp-json\/wp\/v2\/comments?post=147"}],"version-history":[{"count":0,"href":"https:\/\/metzgerei-partyservice-faller.de\/wordpress\/wp-json\/wp\/v2\/pages\/147\/revisions"}],"wp:attachment":[{"href":"https:\/\/metzgerei-partyservice-faller.de\/wordpress\/wp-json\/wp\/v2\/media?parent=147"}],"curies":[{"name":"wp","href":"https:\/\/api.w.org\/{rel}","templated":true}]}}